{"id":15,"date":"2018-08-08T15:11:46","date_gmt":"2018-08-08T15:11:46","guid":{"rendered":"http:\/\/xn--nttenhofe-07a.de\/?page_id=15"},"modified":"2025-06-19T11:39:06","modified_gmt":"2025-06-19T09:39:06","slug":"impressum-datenschutz","status":"publish","type":"page","link":"https:\/\/n\u00f6ttenhofe.de\/willkommen\/impressum-datenschutz","title":{"rendered":"Impressum\/Datenschutz"},"content":{"rendered":"<h1>Impressum<\/h1>\n<p><b>Vereinsname: N\u00f6tten-Jakobi-Hofe, Untergruppe im B\u00fcrger-Sch\u00fctzen-Verein zu Soest e.V<br \/>\nAnschrift: Wisbyring 2<br \/>\nPLZ\/Ort: 59494 Soest<\/b><\/p>\n<p><b>Verantwortlich f\u00fcr die Website: Dr. Kai Boin, 59494 Soest<\/b><\/p>\n<p><b>Haftungsausschluss f\u00fcr gelinkte Seiten<\/b>:<br \/>\n<b>Auf unserer Web-Site f\u00fchren Links zu anderen Seiten im Internet. Hiermit m\u00f6chten wir deutlich betonen, dass wir keinerlei Einfluss auf die Gestaltung und die Inhalte dieser Seiten haben. Deshalb m\u00fcssen wir uns hiermit ausdr\u00fccklich von allen Inhalten aller gelinkten Seiten auf der Web-Site der N\u00f6tten-HOFE distanzieren und machen uns ihre Inhalte nicht zueigen. Die Haftung f\u00fcr die Inhalte gelinkter Seiten wird ausgeschlossen.<\/b><\/p>\n<h1>Datenschutz<\/h1>\n<p><b>DATENSCHUTZERKL\u00c4RUNG<\/b><\/p>\n<p>Verantwortliche Stelle im Sinne der Datenschutzgesetze, insbesondere der EU-Datenschutzgrundverordnung (DSGVO), ist:<\/p>\n<p>Vereinsname: N\u00f6tten-Jakobi-Hofe, Untergruppe im B\u00fcrger-Sch\u00fctzen-Verein zu Soest e.V<br \/>\nAnschrift: Wisbyring 2<br \/>\nPLZ\/Ort: 59494 Soest<\/p>\n<p><b>Ihre Betroffenenrechte<\/b><\/p>\n<p>Unter den angegebenen Kontaktdaten unseres Datenschutzbeauftragten k\u00f6nnen Sie jederzeit folgende Rechte aus\u00fcben:<br \/>\n&#8211; Auskunft \u00fcber Ihre bei uns gespeicherten Daten und deren Verarbeitung (Art. 15 DSGVO),<br \/>\n&#8211; Berichtigung unrichtiger personenbezogener Daten (Art. 16 DSGVO),<br \/>\n&#8211; L\u00f6schung Ihrer bei uns gespeicherten Daten (Art. 17 DSGVO),<br \/>\n&#8211; Einschr\u00e4nkung der Datenverarbeitung, sofern wir Ihre Daten aufgrund gesetzlicher Pflichten noch nicht l\u00f6schen d\u00fcrfen (Art. 18 DSGVO),<br \/>\n&#8211; Widerspruch gegen die Verarbeitung Ihrer Daten bei uns (Art. 21 DSGVO) und<br \/>\n&#8211; Daten\u00fcbertragbarkeit, sofern Sie in die Datenverarbeitung eingewilligt haben oder einen Vertrag mit uns abgeschlossen haben (Art. 20 DSGVO).<br \/>\nSofern Sie uns eine Einwilligung erteilt haben, k\u00f6nnen Sie diese jederzeit mit Wirkung f\u00fcr die Zukunft widerrufen.<br \/>\nSie k\u00f6nnen sich jederzeit mit einer Beschwerde an die f\u00fcr Sie zust\u00e4ndige Aufsichtsbeh\u00f6rde wenden (Art. 77 DSGVO i.V.m. \u00a7 19 BDSG). Ihre zust\u00e4ndige Aufsichtsbeh\u00f6rde richtet sich nach dem Bundesland Ihres Wohnsitzes, Ihrer Arbeit oder der mutma\u00dflichen Verletzung. Eine Liste der Aufsichtsbeh\u00f6rden (f\u00fcr den nicht\u00f6ffentlichen Bereich) mit Anschrift finden Sie unter: https:\/\/www.bfdi.bund.de\/DE\/Infothek\/Anschriften_Links\/anschriften_links-node.html.<\/p>\n<p><b>\u00c4nderung unserer Datenschutzbestimmungen<\/b><\/p>\n<p>Wir behalten uns vor, diese Datenschutzerkl\u00e4rung anzupassen, damit sie stets den aktuellen rechtlichen Anforderungen entspricht oder um \u00c4nderungen unserer Leistungen in der Datenschutzerkl\u00e4rung umzusetzen, z.B. bei der Einf\u00fchrung neuer Services. F\u00fcr Ihren erneuten Besuch gilt dann die neue Datenschutzerkl\u00e4rung.<\/p>\n<p><b>Fragen an den Datenschutzbeauftragten<\/b><\/p>\n<p>Wenn Sie Fragen zum Datenschutz haben, schreiben Sie uns bitte eine E-Mail oder wenden Sie sich direkt an die f\u00fcr den Datenschutz verantwortliche Person in unserer Organisation:<br \/>\nUnsere Kontaktdaten finden Sie im Impressum<br \/>\n<i>Die Datenschutzerkl\u00e4rung wurde mit dem Datenschutzerkl\u00e4rungs-Generator der activeMind AG erstellt (Version 2018-06-12)<\/i><\/p>\n<p><img loading=\"lazy\" decoding=\"async\" class=\"aligncenter\" src=\"data:image\/jpeg;base64,\/9j\/4AAQSkZJRgABAAEASABIAAD\/\/gAfTEVBRCBUZWNobm9sb2dpZXMgSW5jLiBWMS4wMQD\/2wCEAAgFBgcGBQgHBgcJCAgJDBQNDAsLDBgREg4UHRkeHhwZHBsgJC4nICIrIhscKDYoKy8xMzQzHyY4PDgyPC4yMzEBCAkJDAoMFw0NFzEhHCExMTExMTExMTExMTExMTExMTExMTExMTExMTExMTExMTExMTExMTExMTExMTExMTExMf\/EAaIAAAEFAQEBAQEBAAAAAAAAAAABAgMEBQYHCAkKCwEAAwEBAQEBAQEBAQAAAAAAAAECAwQFBgcICQoLEAACAQMDAgQDBQUEBAAAAX0BAgMABBEFEiExQQYTUWEHInEUMoGRoQgjQrHBFVLR8CQzYnKCCQoWFxgZGiUmJygpKjQ1Njc4OTpDREVGR0hJSlNUVVZXWFlaY2RlZmdoaWpzdHV2d3h5eoOEhYaHiImKkpOUlZaXmJmaoqOkpaanqKmqsrO0tba3uLm6wsPExcbHyMnK0tPU1dbX2Nna4eLj5OXm5+jp6vHy8\/T19vf4+foRAAIBAgQEAwQHBQQEAAECdwABAgMRBAUhMQYSQVEHYXETIjKBCBRCkaGxwQkjM1LwFWJy0QoWJDThJfEXGBkaJicoKSo1Njc4OTpDREVGR0hJSlNUVVZXWFlaY2RlZmdoaWpzdHV2d3h5eoKDhIWGh4iJipKTlJWWl5iZmqKjpKWmp6ipqrKztLW2t7i5usLDxMXGx8jJytLT1NXW19jZ2uLj5OXm5+jp6vLz9PX29\/j5+v\/AABEIAJ8AoAMBIgACEQEDEQH\/2gAMAwEAAhEDEQA\/APQ\/APgvwrdeBfD1xdeGtGmnm022eSSSwiZnYxKSSSuSSec1t\/8ACCeEP+hU0P8A8F0P\/wATR8OP+Se+Gv8AsFWv\/opa6CgRz\/8AwgnhD\/oVND\/8F0P\/AMTQfAnhD\/oVND\/8F0P\/AMTXQUUAc\/8A8IJ4Q\/6FTQ\/\/AAXQ\/wDxNH\/CCeEP+hU0P\/wXQ\/8AxNdBRQBz\/wDwgnhD\/oVND\/8ABdD\/APE0f8IJ4Q\/6FTQ\/\/BdD\/wDE10FFAHP\/APCCeEP+hU0P\/wAF0P8A8TR\/wgnhD\/oVND\/8F0P\/AMTXQUUAc\/8A8IJ4Q\/6FTQ\/\/AAXQ\/wDxNH\/CCeEP+hU0P\/wXQ\/8AxNdBRQBz\/wDwgnhD\/oVND\/8ABdD\/APE1yOuw+DYdSfStH8IaPNd28wiupH0QNHbsybo1JCgEuSqj5gOc56Z9NYhVJYgAckntXntrZW\/jO817VYIbqLa32K2uIrhoBdQBVLDA68lypbIw4P0AOiTwJ4R2jf4U0INjnGnxYz\/3zS\/8IJ4Q\/wChU0P\/AMF0P\/xNbVnIsluhUOuFAKyffU46N71NQBz\/APwgnhD\/AKFTQ\/8AwXQ\/\/E0f8IJ4Q\/6FTQ\/\/AAXQ\/wDxNdBRQBz\/APwgnhD\/AKFTQ\/8AwXQ\/\/E1iePvBfhW18C+Ibi18NaNBPDpty8ckdhErIwiYgghcgg85ru65\/wCI\/wDyT3xL\/wBgq6\/9FNQAfDj\/AJJ74a\/7BVr\/AOilroK5\/wCHH\/JPfDX\/AGCrX\/0UtdBQAUUUUAFFFFABRRRQAUUUUAFFFFAHOeObyc6c2i6csTajq0E0cIllEagBPmIPdsMMAdzk4AJG3ptu1np9tbySea8MSo0hAG8gAFuPXrXJaHDbeKPFc2vStI\/9jzz2dshT92MFR5iN3JIfJ+gHAy2x411f+xtFM3lyETSJCzpkeSrHBckA4wOhweSvrSbSV2XCLnJRW7K1lq1hrGsXtvp1wbPUrTGWBDxzp\/CxAOGXkdwwz1Ga15dUS0nMeoRPaxkkJcMQYm+rfw\/8CxzwM15TNBdW3h+6fSCjaPbvFMFVyLiFiUwON21kXJLDK\/MT2wO88DJeXaz6vc6hc3MFwqw2qSHAMaceYRwAzHJPArKFRt8r3Ouvhowjzxen66f1Y6hWVlDKQVIyCOhFLXG+LdPvba5hm0S1uLaBQzSvpwVJJHJGNy4+YcHqO9Z1j4t1qIM87QyRjb8l0ixy8jG0lWAUkjuuc5wKpzSdmYxw8pR5k0eh1z\/xH\/5J74l\/7BV1\/wCimqLSPGljdzx219HJp1zIQqCb7khPTa2B9OQOePSpfiN\/yT3xL\/2Crr\/0U1WmnsYyhKDtJWD4cf8AJPfDX\/YKtf8A0UtdBXP\/AA4\/5J74a\/7BVr\/6KWugpkhRRRQAUyeaK3haa4lSKJBlndgqqPUk9KfXknxUhurjxnZWd+\/\/ABLp4fMt2lkxCjAhXBXKjIBJyW5DgdqBpHXz\/ErwpE7pFqT3bICT9ktpZwAMZO5FIxyO\/etXwz4m0rxPbTXGjXDTJbyeVIHjaMq20N0YA9GHPSuIPh+x\/sVo7TUDqV2jlJkMwSODsD9njUANyD93dk9egql8Eb9Y9f1zTfMkcSqs6ebneSjFHJzzn5k6+woCx63RTY5UkBMbq4Bwdpzg06gQVyPxR8QS6H4dEVgzHUr6VILeOMkOdzqGII5HB2gj+JlwckV11cVpeqzXXivXNajjZ9Ks2j0vKLuJMZZpJR3wrPtIHXaTztFAHUaLpVno2npZ6dbLawKS3lqxbDMcnk8nk1U8QeHLPW57S4neWOezcNG8bdsglSDkEHA7VrRukkavGwdGGVZTkEHuK5HX\/GF\/Za\/Lo+l6St3MkW8GSby9xxnjjB4wOoyTjjFRNxiveN6EKk5fu918jk5vC1xbahFpl55iXt7cskDWlwVi8khTNKE6rhRtwTgl+mMV6hMj2GktHplsHeCHbBCuACQMKOSBjp3rivBD3f8Awm+qprF2kl6sICodzcFtzCMk8KpbbjH48VpeNL7XLW\/tm02G4WzhRnkeBd7SMRgAjaQAPfrn2zWMLQi5WO3EKdWrGk2tr+Wq\/pGBY6v4q0xUF28+8liYryIOGAxlsjBVee57HjFX4PHdhdz\/AGTWtNRkJMbTwESqD1IK\/eHQcAE9\/eorXx5erbu1xb216A2x4lDRSDPbBzuPXsPTnqJ9Uu\/DV\/YyTXEH2DUjDlYWby5OpCruUMME84GT3I4xUxb+zL7zWpFL+LTt5xMLxHpml32vabpXhmYlb6TfL5T5SEDJLrnkEAN04yAODXdfEb\/knviX\/sFXX\/opq8y8N6jd6Nd\/2hpos5PtYCx+ejBij4bKqMEZwM4z90dO3V6l4pXxJ8OPF6vbG2ubTS7gSLkFWDQvhh3Gdp4Pp3q6Uo3tazMMXSq8qlfmgtn69zovhx\/yT3w1\/wBgq1\/9FLXQVz\/w4\/5J74a\/7BVr\/wCilroK6DzQoqtf6jZabCJdQu4LWMnAaaQICfQZ6n2p1leW19AJrOdJo8kbkbIBHUH0PtQBPXl3xf1jRtRhstOs9RifVrK+SUJEwygwQ6l\/uqeRwSOcA9a9QZQylTkAjHBwa8k13wFo+g3UkscyX08nmTLFeFSIVPOWCkZGc4O3jnqQAQaObsr97e+k1BrtLm4VivlRyAvcgx72CgcE5yGVsZK5BY81oQ+F7q\/ihskhjtF1H93JJJD57yccbm24AzjOwgDb3HI6KLSbDQt8lrFYQ7ZJABJH5QMgztYgADaGUc9gD14K9KUn111tLO7ubSG1ZjPKJSWJP3U68nadxycYZTg54VhJJbGD8PfCdt4L12VJ4pTd3UYhEySo0KjlgMDawztOCyY+Ujdzz3+o30GnWb3V0xWNMcKCzMScBVA5LEkAAckmsttFh05LeaO\/nhtbN\/OlW4lMiEBTzljlMZzwQPaql3exS27+Ib6C5a1ssvZwLEzPjGDMY8ZzgnAP3VyeCSAxlHxb4lu7PT4BcQiya6mSNIkucS4YNne2AIwoG9iG6KeR1qzot3baFG8ESQ2+lQkqIwcSQt1Ztirgq27cSD0w38RxyVpHc6t40v8AUIoI3ltJHWOIyF0afagnIJ6bQIYumCBJgZOK6COT9+nkeWjKwint2wiyIrKWKtjAcNIGCngE4BX5qAOoe0msi0ml7NhJZ7VuFY9yh\/gJ+hB9iSa5nxxY6lr9vYXGh28LXNhL5rQXChZo3x8uN3y4yPocAgmtPTLqTTb1bd\/MltbmTIPlmNYS5Zg3zMSQxZVx2Yj5cEkbt3Z295EI7qJZVB3LkcqfUHqDz1HNTKKkrM0pVXRmpx6HJjwd\/Z13b6zJqGoand2UbkJM+4yuegyBkKCScc9fbFYOn+IvFem3ATVZQUZjlbq3PPspXBA92yPrXozWckcEcdpdSxeXnG8+bu\/3i2WP5isDVvFEelapHpeqQxXpmA5thypOMBkY4556MT7CspU0tU7HXTxUpXjOKlf8Ouhm\/wDCY6RqCC317T1iWTKM6MXVfqcAj6dRkZ61yHjaPStO1iyttLuXntJQJmjScBQM4PzAZBxkA8kE9u\/WeJovC99oN1q1mcPAQp8gFX3AjAZDgkDdnHoeM8VzngS90Cxspn12yMzXEgaOQweaioORtHUckt06EdxWM77St5M7cPypc9G91vHun2NHV\/HEGo6DLa3GjraM6jyBlZhheTtXHB2j5eOpGKtvoB0P4PeIzcRNFe3elXM06M+4x5hbbGT32g4J7nce9N8NaLp2s+MZtRsI4xptgwIEYYJJN1Uc\/wB0fMcYHzRkZya6j4jf8k98S\/8AYKuv\/RTVvTjLedrnn4mpTvy0bpPdPuHw4\/5J74a\/7BVr\/wCilrT1m\/GnWRmCh5GYRxITgM54GT2HcnsAeD0rM+HP\/JPPDX\/YKtf\/AEUtc38VNZuNPgke1mRCyrZxkglY2k3NIxGRkhIhjnjJ4Oa2OMil16JTP5dxJc3lwyw\/a7YsXX7hYoACMLncIwMbVZixBJrolkksb17\/AEuAXEc0rJfW0TL1XP72PkZPBBHU\/UYPltjK9vJNZWjxRI8phVyxGH3A7eF+UZWJ3O3nbtJODnf0fVXntVuredNKsFneeeZYV33gw43F843O3zAjIAjzgADcDPQj4o0VTte+WN9hco6MrKOeqkZB4OAeT2rnNX8Qw+ILpdO02OWORCJoJ5cBWxv5MZ52llVQWHVwR2DDSaVfRGbXbWXdA\/2dbuRnt2lB+ZclcEqFI+Y8Bi+O+LjjStEjW0QIlzePMsYttsTnKs6Z3EgkKoG9j95RjrigRjaetpcaYJUuLmfVpbvy5Ut7tpAIkm8s5U4jXMecfKpO7jnmorjUG0K8sNQOnSxXSwPDNLqFyIkaZtvCkEofuMQi7R16Gu4VhMgaLzJDKzMiv88ZCMSMOuQuTggnnHGOMDlPHCpet4d0qCFcXN954WTkFQNp3ZwSG8xjzyee9ApOyIdK1261\/WJoNV3SQ2cSTm2jHlqJWZfJDg8\/3jgsVwEbPzACl461uVVlgsNReaWVUjgRVAjSViPKbd7fOzDoQhBPy4rKbXUi1nxd4hTCQXN4tnFJyw\/dRGPdtH3l+YP6cetcxcg2qNCYkRlWS38vKoqSso85sDAGxdkZGMFnl6c0DOr8JWkJa2sNNvfKC8wpcEBpFDN5b7\/m+ZmAZlAHLkg5G07UmpRG2kTXLYiYALJJveJ0BfH3yATnO4Kwz97jGDXCQyK2npDJMyrIwSe5X5diEEbnPIBVpT82CBnODiu20rX5mt47TUQERxMIHuPnXABZCGHJcDC4U7s7jxxSA1rK9SW0tpIbpPLjn3MLg+VIFSQNt3KCpGWXAAXjj3rpF12FpGVLaZ1VsB42ifdyRkBXLdj1APFcPK+nXs2EjnsZVwfni89EyrDLOuyQ55+YuQC3Bwyk2bfTLCN98oiHlkP56XE0YLADb8rK5BYbcndnbntkFgdZL4ksYyF2zbyrMism3dtA6Z68lRx3YeorjfB\/iy+vtC+2a7oQk025Zzc3ECmUKx5yyclkA4JH3cBccHFzTrvTLKN5ba1jllUBI5JLqadUcE7fkZRgYZmG0cgjH3lzq21vqelaVFDYmCG7mmfybNox5HJLE4BLIBkn7xxxgchQmVFpPU5DxHo3hyVYbjQ9biFrPKiy2dtiVzGWBfZj5l+UEnOcFRjBApPFZ8O3FnFH4SWSTUbqdbeOGIui5OSNwbhV\/wBrHTPpx0eoz6ak6t4w8OwWMjnat9GyyRk9gZMKy5PqAOOTVH4c6THea1ea4PNNrA7wWvmHOXBKuQcDIXlQfUt6VzuF3ayseiqyjFz5mprbbX\/M6C10u60HT7bTdEhlMcS5kl2RHzXPVjucHOfbHT0rD8ft4h\/4QjX\/ADUPk\/2bceZ\/qlwvltnoSenpXoFc\/wDEb\/knviX\/ALBV1\/6KaulaHmNtu7G\/D6RIvhx4ckldY0TSbZmZjgKBCuSTXn\/xKuY9W0jUJo1iWKxvobmNVXDGMxnczAg4BJHOBy2DXQwOU+DHh9UljhLadY5aQgKVVI3cHPBXYrZ\/2c1z93eRafqUGsyKrWV3H9nuo3RVSRB+7dCTndwyt1+8TyQCADRx+l3EbBYLkiEiRGTaxiDTB0BPckkKTgD5sZ5YKK2bK8ilCxPgWdpPHGRJJIokARkwqrnDkNySfkBBH3UFZXifwxcaKTqOjvc3mhS5Mc5hZWRSxPlvlQ23OOSdp+vTKF6XURz77hCAiRkEKjd889enJySPQ9FsUehRXdrJdxwXTi22YRYYGCq6K4AcgHKhVdQvTruAIRMaXiOweXxA650u2k1OWONVKEyIroV3Oy7T87RyKOSQdhGDmvN7PWZre4gnaRHkQfPMMgzYHG4Yxkbs9921RyevrFzJZtPZarMtpaW9p5UmJTiS3BcnJQd3LFRwcEHGDkgJJvB+pXsltImozWyw2yIxZQLeOONGckx7eqACIYY4xk9GC1y2qa1cfabvX4ftUpA\/s7QopAfMe4cbd4BPOAWYk4GWC9V4v62Y7\/RrdLed7GzllEcv7tlkuEXqRniJdxGQqkBsdcYMOnaNqs+sPqXlPdSrH9nso1gK29pCevkyEkFiMfOw557GmQ1dlLUdKTQfCGl6Jpwlub9bgARPCwzcneocgjOxXPmAsMFFHNcuvh7UnvAsGn3EdrbIFtzeEW8xVTneVY7tzMWc4U8uce3rKaHrMySy6herbRv88skkvzcAf6xFxG3AGSMfhgVPo\/hvSLtXuFvmv4mOGSJ9qI44J4O8NxyC3XsKCjy+08O3SOJbjVrSGFAsTvBG8ynnIDMWTaOnIBHHft0Wn+G\/IKXFtbXzJDG++aedowwbkurRrsxyc5Vmx9OPTrSzsLNt1raRRPjG9YwGI9z1NTS+VcwvC+SkqlT7g8GiwHjOheIrqdLRLyyWSG6tQ1xDEPJ\/eRyeXIuFZQCQgIUEjdJkjvW5Hc6at1CY\/D9zFuJVjbPJK6qAPvADcw3Y4weMcemXpPhf+2tc1jTftS215ZXTXql41fP2hBvCg8Da6DscEH1zXZ2ngNBIWvprNgSSPstisTZ+pJBXGflII\/IUAQ2Ph+5vLqNreCfSrZAyvM0kpmkyTkoxlDKSSeXQ5zn61\/FWnX6eP7PVLu6n\/suO2EdtDFKUJmydydQNz\/KB3Ocj7ldzY2dvp9pFaWcQhghUKiDooqfFAjFNhrBsxbSX1ncK8YV2ntixVv4jwQGHXAIB9Sa0tNsYNNsILK1UrDAgRNxySB3J7k9Se5qxRQAVz\/xH\/wCSe+Jf+wVdf+imroK5\/wCI\/wDyT3xL\/wBgq6\/9FNQByUoKfCbwhcsSYbextneHjEwNttKNk\/dKs2QP0ANZ8N4NJiubkB7rTLlwJ4\/mBgc4znc4AdWx8xZSeDkknG3Z6Ld6x8KPCw06aWK5t9PtJE8tlVj+5XO0sMbvrwRkHGc1zLFLC9MySL4f1SFhFMJVMUE2RIquD8zZ3Kx3AEHB7FiUUiXRoBtlvfDGoPDbzt81jPIuSGdjs8w+Yjg5wFVlzjrk5M11oVpcgx6v4LljuslHl0kSxgcn5vkAU5wCcbuvSq88f2uOS5bSw0kcaltS06\/jVp87ss23JycBui7zn2xHFaNaBkt4\/EVssKBTxEgA+8S37wADAOEGzPBIbk0AV5vCPhb7ERLB4mt7ibakMbIoctnJ2gp82cY+Zc46DOa6KxW7itI9LFveXVpG0ccSatOFnkwrY2xqoLZ2H\/WDaAufXbz8mvpatbibxrfXIL+ZJDarGjMd3CsVchCB1BwDnuRk2tDebWp7e10eG8i8tjPe3EbCSVeRlBO3O9iqDcpGV3Nt6EMDufCWnj7VJqMszTSoHUvL\/rWJI7fwIu0hQeTk55GT025n27B757CuR8GR\/ZdV1KxJfEgzls9YmMWVHoQgYj1LdiK62KRm4x0\/i7H\/AD\/SgRznjLUGO3SbMyJLcECaSIDKrgnbnnGcc8EjKjHzCuYttGuGlIsbqe1ukCb1gVkaIbS3zdHxkD\/ZwQoA4zpaQzPqMUrxsJr+JpNrIJMzx71mJ6bf9YqjkfLEB0OKnlOk6Xqf9rNNN5mpWwgadLlEiRVZFDZHC53DkEkAexwAaXhXUdS8+TTtZlSeWKBZIpxHtaX5mVwccZUhQcYPzDIreBaTDMqqB79DXA6j4x0yy1G31GH7XcpZTSwTGKEkTR+UGZ0YERsN2xjk5xk8DOdoeMUnk8q1sRHiRkD3UoRSAAdyhdzMMEHpjBHPIyAYl60uhfF7T7lV\/wBE1GCSzk5xt3MJFf3zIxX6A+lej15F8QJ7+908anJGUudMkjuoWNq0ADxnOwb3Lk7ZHfO1eEr1m1uI7q1iuIGDRTIJEYd1IyDQIkooooAKKKKACuf+I\/8AyT3xL\/2Crr\/0U1dBXP8AxH\/5J74l\/wCwVdf+imoAPhz\/AMk88Nf9gq1\/9FLWzd2dreIEu7aGdAchZUDD8jXNeD9TtdI+F\/h27vXKRJpVqMgZyTEuB\/8AXPHrWfrXiG41O7On2yMbZ22FIGbfJlcqSy8lSSu4J0U5LYOKAI\/E9j4Xto5jBpenM8YcPPMN0cDEEsVHP7zCnkY2gcnop801vRCHuBK9xJ5ZaMJLlYo0Dr5YUEEBcAjC4O4qBn5lrufsEjwW8mpm2ItisDwJhlt2eTywqRhQp4faFPyjJ3cja0ZQajpt3qsj5jDrEiRqMQJtVSifwsd8zb2JJBBAG4fKikeX6fZH7fbbGKl\/mjPuG2KRnr8+Pbg8YrtPh9qSx6v9jf5knnM9v5kh+V2yFjB52LuJHA7nq2BTdE0J7HxLpEJkDpcXKzMZHLHZE25m5Pyq7RswHP3Dz\/eyNGLSadpBgZfMvVk2fvWT7JKl1KQ0hXkAx7QFOM7SQcgYEJbnpzmDSfE6TuksNrOElMEoyU3xeW4PX7qwKx93561sy+JI5So03S725csViLAQJIR6FiM9z07HvxXCnUJbqaeGMBbfR2is\/OIC\/vQrvKDgnIRYo069QcZ4rpnubO005roJcIlrHvjYhi87hCyJkc4G3kE5JxnO752BzurX+p6hrP2TSJba1bdcsiQ3TKC77VKmTy+u4uSqgjfgcHBpP+EXsbeHztQntra1ikDpGVaWdH3r\/wAtZl3MPkbjZggueS2RgaNc3kdqBEHKwoluxM0krx+WHDsY16gN8o3MSCpxjovcabF\/adxaT396Q8Rmt3UQhSs\/mMxkwxbA\/cumD2IIINAGNfWnh2LQNQWKX+15xAQxvfNlcFkCAp5p2ghRgsoBwOcdaqWt\/cQXERjvXtLgzSTRSvIZW4BQK0eOd+wHIYggnB553rnwvqNvq73F1djVLK4jkt2czYlhLebuZVc4BAKJkNngnisy2vLmREZCFluIlUw29rtJd1A2l8lM5Y+mSBg5FAHSaxDb6r4WJljaBJU37ycGJJUIk6jIG1mAGepA7Yq38J7973wJpyzKEns1NpIgGAhjO0D\/AL5C1X8MWq3+mCG6tt8duSiIVTzCzrnzHC4UfK+B0PJ71mfB+4b+0vE9rnKm4hvT8pXDzIWbjt90dDQB6PRRRQIKKKKACuf+I\/8AyT3xL\/2Crr\/0U1dBXP8AxH\/5J74l\/wCwVdf+imoAj8ASrB8N\/DsrhyqaRbMQiF2wIV6KAST7AZrN1XxZcX8FzBpFveqUj8xHt4jLJIef3ZCg+UWIXBbnGfu4zWr8OT\/xb3w1\/wBgq1\/9FLWtqUd5LaOmnXEdtOcYeSPeAM84GRg4zgnIB5IPQgzzm\/0f7LHMup3Eg8lIEeG0CyxIsXzDcrDLOzO7BBnqpbdnBltRc6vPBf3kCxBWAtLSKLBuQWSRgvPTKqS\/KgMTknpf1bTrLSrmC41m4nv7qSMDy5WWO3YI+4bpHyTgkHG4k8\/KRxTLOTxBqd359na+QJFMcsk6NFmMgGMp\/dVfn+UbmOecZBoAwrzTLu51uS8m1CytvPX7PBFao83lWrIVVUxgBtvAIJG6U8DKmqV41ppenfYdN06F0jJtrPygqm7mPlrHkKCCjtuctnOEK8YIPT6VaTXVysmh2rPEGBD3JMaBQpUbmA6gHCoA2BndhmJrN1LRjYa5Z3d+ryC1YqsaREfanAChkwd5KxlgoC7Qzg72PUBaEtvpkOm+HUsWn+0QLGsjNGuRONwad+nLcTnns+B0zWlonn3a2TXEZuUtJHiu4yBy+BhVJOPkIXj3OMlTUdtbW09xcC6iiQ3E8KRW2SzKGuSJF9+Lclu3DHuaq6bqCaNqU0Gowme3IVbmGUiR4z134\/7aZYdcuTnBQUAY2dRgsrq1Pmma3MkUcVp5KhRklAykcKWgB4I4fgevS\/D62uQL+3mY29zbCI7\/ALU9yqHaVcZYlQSY93HRZB6100Wl6HrVnDLNDbarCrM0b3CLLtOcEDI4ORg98jnkVk+NdPvbe3F5YStDptjbF5reKUxhVRg+URVIY7VYc9OMdwQC7Y6\/pMumW88epW62825o3cYaTBJLAHuQCw9RzzVK3i8PatfSQLFeG5ZgzSRRzQhmdd29sBRnbtyxA6qPQVxkWn39z51vp2lve3YhaBnuLeSOOR\/Lm+Vt4JRGSRcqzgnzhtxtrp\/DmjXPhW7jv9VXS4LQWyQRpAn72NyEBRAqAtuKLxkk4AGcCgDb1RrHwrotw9qY7Z5d3ljYBmQgksQBlsAFj1OAaw\/g9ZS\/2XqGrzxPC2o3LCJH+8sMZIQH3GWGe+M965zVLnUviX4k\/s3S3NtpUKgXVwpBCxEg7QeQzMVB44yoxkLuf1mwtILCygtLSMRQQII40H8KgYAoAnooooEFFFFABXP\/ABH\/AOSe+Jf+wVdf+imroK5\/4j\/8k98S\/wDYKuv\/AEU1ADfhyf8Ai3vhr\/sFWv8A6KWt+vKPBfxe8DaZ4O0Swvdc8q5tNPghmT7JOdrrGoYZCYOCD0rY\/wCF1\/D3\/oYP\/JO4\/wDjdMo7+lrz\/wD4XX8Pf+hg\/wDJK4\/+Io\/4XX8Pf+hg\/wDJK4\/+N0AegZrlb7xRJca1daRpFjdyGzBW6vxCDDE21W2BmYDdtYEk8Djhs4rJ\/wCF1\/D3\/oYP\/JK4\/wDjdQv8Yfhs0U8Y1tVW4z5u2xuF3kjBJxH1xjn2oAtabZw+KLc3elPCn2e3S3855ppQ8vLuhMciBwCV3HHJ3A9KXR\/BeqXCxyeI9Ry6QTW5jt8bf9YDFIpIyPl3ZQ5X5sAAZFZXh74qfDXQNDstJsvEB+z2UKxIWspwWx3OIwMnqT6mtD\/hdfw9\/wChg\/8AJK4\/+N0AEuh674emkn06WV0Zss1uDIGH+1GcnPRRjfhegFWrPxlcyyNZ3VlaXsmD5qRSbHUf3TE2Xz16he4qr\/wuv4e\/9DB\/5JXH\/wAbqG6+L\/wyu0CXerw3CjoJdPnYD846BGpqXj62sbCWaHT5wkERb94jIMAdsKc8dOg9x1rkbKHxH8SbhLxZBaaR8y+fJGQHXkFUXIyOmQOD0Z3wFF4\/Ej4Plt7TaaWznJ0iTP8A6KrTT41fDtFCrr4VQMACyuAAP+\/dIDrfDPh\/T\/DWlJp+lw7IlO5mON0jHqzEd\/0HQYAArUrgP+F2\/Dz\/AKGH\/wAkrj\/43R\/wu34ef9DD\/wCSVx\/8boEd\/RXAf8Lt+Hn\/AEMP\/klcf\/G6P+F2\/Dz\/AKGH\/wAkrj\/43QB39FcB\/wALt+Hn\/Qw\/+SVx\/wDG6P8Ahdvw8\/6GH\/ySuP8A43QB39c\/8R\/+Se+Jf+wVdf8AopqwP+F2\/Dz\/AKGH\/wAkrj\/43WP41+L\/AIE1PwbrlhY675t1d6fPDCn2SddztGwUZKYGSR1oA\/\/Z\" alt=\"\" width=\"160\" height=\"159\" border=\"0\" \/><\/p>\n","protected":false},"excerpt":{"rendered":"<p>Impressum Vereinsname: N\u00f6tten-Jakobi-Hofe, Untergruppe im B\u00fcrger-Sch\u00fctzen-Verein zu Soest e.V Anschrift: Wisbyring 2 PLZ\/Ort: 59494 Soest Verantwortlich f\u00fcr die Website: Dr. Kai Boin, 59494 Soest Haftungsausschluss&#8230;<\/p>\n<div class=\"more-link-wrapper\"><a class=\"more-link\" href=\"https:\/\/n\u00f6ttenhofe.de\/willkommen\/impressum-datenschutz\">mehr<span class=\"screen-reader-text\">Impressum\/Datenschutz<\/span><\/a><\/div>\n","protected":false},"author":1,"featured_media":0,"parent":0,"menu_order":0,"comment_status":"closed","ping_status":"closed","template":"","meta":{"footnotes":""},"class_list":["post-15","page","type-page","status-publish","hentry","entry"],"_links":{"self":[{"href":"https:\/\/n\u00f6ttenhofe.de\/willkommen\/wp-json\/wp\/v2\/pages\/15","targetHints":{"allow":["GET"]}}],"collection":[{"href":"https:\/\/n\u00f6ttenhofe.de\/willkommen\/wp-json\/wp\/v2\/pages"}],"about":[{"href":"https:\/\/n\u00f6ttenhofe.de\/willkommen\/wp-json\/wp\/v2\/types\/page"}],"author":[{"embeddable":true,"href":"https:\/\/n\u00f6ttenhofe.de\/willkommen\/wp-json\/wp\/v2\/users\/1"}],"replies":[{"embeddable":true,"href":"https:\/\/n\u00f6ttenhofe.de\/willkommen\/wp-json\/wp\/v2\/comments?post=15"}],"version-history":[{"count":7,"href":"https:\/\/n\u00f6ttenhofe.de\/willkommen\/wp-json\/wp\/v2\/pages\/15\/revisions"}],"predecessor-version":[{"id":1605,"href":"https:\/\/n\u00f6ttenhofe.de\/willkommen\/wp-json\/wp\/v2\/pages\/15\/revisions\/1605"}],"wp:attachment":[{"href":"https:\/\/n\u00f6ttenhofe.de\/willkommen\/wp-json\/wp\/v2\/media?parent=15"}],"curies":[{"name":"wp","href":"https:\/\/api.w.org\/{rel}","templated":true}]}}