{"id":1164,"date":"2019-06-12T22:39:02","date_gmt":"2019-06-12T20:39:02","guid":{"rendered":"https:\/\/n\u00f6ttenhofe.de\/willkommen\/?page_id=1164"},"modified":"2025-07-13T15:53:12","modified_gmt":"2025-07-13T13:53:12","slug":"aktuelles","status":"publish","type":"page","link":"https:\/\/n\u00f6ttenhofe.de\/willkommen\/aktuelles","title":{"rendered":"Aktuelles"},"content":{"rendered":"\n<p>&nbsp;<\/p>\n<p>&nbsp;<\/p>\n\n\n\n<p>Beitrag vom 13.07.2025<\/p>\n<p><strong>Wir sind wieder K\u00f6nigs-Hofe!<\/strong><\/p>\n<p>Bei unserem diesj\u00e4hrigen Sch\u00fctzenfest erlegte unser Sch\u00fctzenbruder Manfred Maas mit dem 282. Schuss den Adler und errang damit die K\u00f6nigsw\u00fcrde des B\u00fcrger-Sch\u00fctzen-Verein zu Soest e.V.<\/p>\n<p>Zu seiner K\u00f6nigin nahm er seine Frau Annette.<\/p>\n<p>Wir w\u00fcnschen unserem K\u00f6nigspaar Manfred I. und Annette I. Maas sowie ihrem Hofstaat ein tolles Regentschaftsjahr und freuen uns mit ihnen auf eine sch\u00f6ne Zeit!<\/p>\n<p>Unsere Hofe ist stolz, erneut K\u00f6nigs-Hofe zu sein!<\/p>\n<p>Auf unser K\u00f6nigspaar Manfred I. und Annette I., auf den Hofstaat, auf unsere K\u00f6nigs-Hofe, auf den B\u00fcrger-Sch\u00fctzen-Verein ein 3fach kr\u00e4ftiges Horrido und Hussassa!<\/p>\n<p>Dr. Kai Boin, HHm der NJH<\/p>\n<p>\u00a0<\/p>\n<p>\u00a0<\/p>\n<p><strong>Einladung zum Wildessen 2025<\/strong><\/p>\n<p>Unser Wildessen findet dieses Jahr am Freitag, 31.10.2025, um 19.00 Uhr im Restaurant &#8222;Im Wilden Mann&#8220; statt.<\/p>\n<p>Die Teilnehmerzahl ist auf 80 Personen begrenzt!<br \/>Einlass ist um 18.30 Uhr.<\/p>\n<p>Die Einladung wird noch gesondert mit weiteren Details erfolgen!<\/p>\n<p>\u00a0<\/p>\n<p><strong>Einladung zur Weihnachtsfeier 2025<\/strong><\/p>\n<p>Am Sonntag, 07.12.2025, findet unsere Weihnachtsfeier von 15:00 bis 18:00 Uhr im Sch\u00fctzenhof statt.<\/p>\n<p>Um 16:00 Uhr wird uns der Nikolaus besuchen!<\/p>\n<p>Wir hoffen auf eine zahlreiche Teilnahme. insbesondere nat\u00fcrlich auch von Kindern.<\/p>\n<p>Die Einladung wird noch gesondert mit weiteren Details erfolgen!<\/p>\n<p>\u00a0<\/p>\n<p>Beitrag vom 19.06.2025, Dr. Kai Boin<\/p>\n<p><strong>Neuer Hofes-Vorstand<\/strong><\/p>\n<p>Am 14.02.2025 wurde auf der Hofes-Versammlung der Hofes-Vorstand vervollst\u00e4ndigt und zum Teil neu gew\u00e4hlt.<\/p>\n<p>Zum Hofes-Hauptmann wurde unser bisheriger Oberleutnant Dr. Kai Boin gew\u00e4hlt und Markus Elberg-Thiele nach 20 Jahren an der Fahne zum Oberleutnant. Neu gew\u00e4hlt wurden Annette Maas und Dr. Annalouise Maas als Leutnante und Pascal Fuisting als Fahnenoffizier. Marc Diehl schied als Leutnant aus.<\/p>\n<p>\u00a0<\/p>\n<p>Beitrag vom 05.02.2022, Karl Duling<\/p>\n<div><strong>Neuer Hauptmann in der N\u00f6ttenhofe<\/strong><\/div>\n<div>\u00a0<\/div>\n<div>Nach der\u00a0Corona-Zwangspause im vergangenen\u00a0Jahr konnte am letzten Freitag\u00a0trotz anhaltender Pandemie wieder die j\u00e4hrliche\u00a0Mitgliederversammlung der N\u00f6ttenhofe stattfinden.<\/div>\n<div>\u00a0<\/div>\n<div>In Anwesenheit von\u00a0gesch\u00e4ftsf\u00fchrenden BSV-Vorstandsmitgliedern gab Hauptmann Horst Grunwald seinen Bericht \u00fcber die abgelaufenen zwei Jahre, in denen leider coronabedingt nur wenige Aktivit\u00e4ten m\u00f6glich waren.<\/div>\n<div>\u00a0<\/div>\n<div>Dabei dr\u00fcckte er vor allem sein Bedauern dar\u00fcber aus, dass der j\u00e4hrliche H\u00f6hepunkt eines\u00a0jeden B\u00fcrgersch\u00fctzen, n\u00e4mlich das Sch\u00fctzenfest Ende Juni, in beiden Jahren abgesagt werden\u00a0mu\u00dfte.<\/div>\n<div>Wie bereits vor zwei Jahren angek\u00fcndigt, als Horst Grunwald zum Hauptmann gew\u00e4hlt wurde und die restliche Amtszeit von seinem Vorg\u00e4nger Frank Jungeblut \u00fcbernahm, trat er f\u00fcr eine erneute Wiederwahl nicht an.<\/div>\n<div>\u00a0<\/div>\n<div>F\u00fcr seinen Einsatz wurde ihm mit Beifall aller Teilnehmer gedankt und\u00a0Oberleutnant Detlef Bartel \u00fcberreichte f\u00fcr die Hofe einen Dankorden mit Urkunde.<\/div>\n<div>\u00a0<\/div>\n<div>Zum neuen Hauptmann der N\u00f6ttenhofe wurde dann einstimmig f\u00fcr vier Jahre Torsten Kickelbick gew\u00e4hlt.\u00a0<\/div>\n<div>Im weiteren Verlauf der Versammlung wurden ebenfalls einstimmig Leutnant Karl Duling sowie Fahnenoffizier Alessandro Paradiek r\u00fcckwirkend ab 2021 jeweils f\u00fcr vier Jahre wiedergew\u00e4hlt.<\/div>\n<div>\u00a0<\/div>\n<div>Somit kann der neue Hauptmann mit einem kompletten Vorstand sein neues Amt in Angriff nehmen. Als erste Unternehmung der Hofe steht am 26. M\u00e4rz der schon traditionelle\u00a0Schnadegang an.<\/div>\n<div>\u00a0<\/div>\n<div>Die Mitglieder der N\u00f6ttenhofe hoffen im \u00fcbrigen, dass in diesem Jahr das Sch\u00fctzenfest stattfinden kann.\u00a0Das Foto zeigt den neuen (Mitte) und alten Hauptmann (links) mit Oberleutnant Detlef Bartel.\u00a0<\/div>\n<p><img loading=\"lazy\" decoding=\"async\" class=\"alignnone size-full wp-image-1396\" src=\"https:\/\/n\u00f6ttenhofe.de\/wp-content\/uploads\/2022\/03\/IMG_20220304_194600001-2-scaled.jpg\" alt=\"\" width=\"2560\" height=\"1974\" srcset=\"https:\/\/n\u00f6ttenhofe.de\/wp-content\/uploads\/2022\/03\/IMG_20220304_194600001-2-scaled.jpg 2560w, https:\/\/n\u00f6ttenhofe.de\/wp-content\/uploads\/2022\/03\/IMG_20220304_194600001-2-300x231.jpg 300w, https:\/\/n\u00f6ttenhofe.de\/wp-content\/uploads\/2022\/03\/IMG_20220304_194600001-2-1024x790.jpg 1024w, https:\/\/n\u00f6ttenhofe.de\/wp-content\/uploads\/2022\/03\/IMG_20220304_194600001-2-768x592.jpg 768w, https:\/\/n\u00f6ttenhofe.de\/wp-content\/uploads\/2022\/03\/IMG_20220304_194600001-2-1536x1184.jpg 1536w, https:\/\/n\u00f6ttenhofe.de\/wp-content\/uploads\/2022\/03\/IMG_20220304_194600001-2-2048x1579.jpg 2048w\" sizes=\"auto, (max-width: 2560px) 100vw, 2560px\" \/><\/p>\n\n\n\n<p><\/p>\n\n\n\n<p>Beitrag vom 10.02.2020, Karl Duling<\/p>\n\n\n\n<p>Mit erfreulich guter Beteiligung konnte am letzten Freitag im Sudhaus die Jahresmitgliederversammlung der N\u00f6ttenhofe \u00fcber die B\u00fchne gehen. In&nbsp;Anwesenheit des gesch\u00e4ftsf\u00fchrenden BSV-Vorstandes gab Hauptmann Frank Jungeblut&nbsp;den Mitgliedern seinen letzten Bericht \u00fcber das abgelaufene Sch\u00fctzenjahr. Aus pers\u00f6nlichen Gr\u00fcnden hatte Frank Jungeblut&nbsp;zur Mitte seiner zweiten Amtszeit den R\u00fccktritt als Hauptmann erkl\u00e4rt. Nach mehr als 20 Jahren Mitarbeit im Vorstand der N\u00f6ttenhofe als Fahnenoffizier und als Hauptmann wurde Jungeblut&nbsp;mit Urkunde und einem eigens geschaffenen Dankorden mit viel Applaus aus dem Vorstand verabschiedet. Zu seinem Nachfolger w\u00e4hlte die Versammlung einstimmig den Ehrenoffizier Horst Grunwald, der sich kurzfristig bereit erkl\u00e4rt hatte, sich f\u00fcr die restliche Amtszeit von zwei Jahren noch einmal f\u00fcr die Vorstandsarbeit reaktivieren zu lassen. Turnusgem\u00e4\u00df wurde der Oberleutnant Detlef Bartel einstimmig wiedergew\u00e4hlt. Die Hofe dankte dem OL mit einer sehr guten Flasche Bordeaux-Wein f\u00fcr seinen besonderen Einsatz im vergangenen Jahr. Im dritten Wahlakt an diesem Abend wurde Fin Lukas Hein ebenfalls einstimmig zum&nbsp;Fahnenoffizier als Nachfolger von Robert Sch\u00f6nemann gew\u00e4hlt. Robert Sch\u00f6nemann, der aus beruflichen Gr\u00fcnden nicht anwesend sein konnte, hatte f\u00fcr eine neue Amtsperiode nicht wieder kandidiert. Auch er&nbsp;erhielt als Dank f\u00fcr seinen 15j\u00e4hrigen&nbsp;Dienst als Fahnenoffizier einen Dankorden mit Urkunde. Der neue Hauptmann brachte abschlie\u00dfend zum Ausdruck, dass er die Hofe gut aufgestellt sieht und daher sein&nbsp;Amt&nbsp;optimistisch in Angriff nehmen will. Das Foto zeigt den neuen und alten Hauptmann mit dem gesamten derzeitigen aktiven Offizierscorps&nbsp;der N\u00f6ttenhofe.&nbsp;<\/p>\n\n\n\n<figure class=\"wp-block-image size-large\"><img loading=\"lazy\" decoding=\"async\" width=\"1024\" height=\"768\" src=\"https:\/\/n\u00f6ttenhofe.de\/wp-content\/uploads\/2020\/02\/FS_2020-1024x768.jpg\" alt=\"\" class=\"wp-image-1295\" srcset=\"https:\/\/n\u00f6ttenhofe.de\/wp-content\/uploads\/2020\/02\/FS_2020-1024x768.jpg 1024w, https:\/\/n\u00f6ttenhofe.de\/wp-content\/uploads\/2020\/02\/FS_2020-300x225.jpg 300w, https:\/\/n\u00f6ttenhofe.de\/wp-content\/uploads\/2020\/02\/FS_2020-768x576.jpg 768w, https:\/\/n\u00f6ttenhofe.de\/wp-content\/uploads\/2020\/02\/FS_2020-1536x1152.jpg 1536w, https:\/\/n\u00f6ttenhofe.de\/wp-content\/uploads\/2020\/02\/FS_2020.jpg 2016w\" sizes=\"auto, (max-width: 1024px) 100vw, 1024px\" \/><\/figure>\n\n\n\n<p><\/p>\n\n\n\n<hr class=\"wp-block-separator has-css-opacity\"\/>\n\n\n\n<p><\/p>\n\n\n\n<p><\/p>\n","protected":false},"excerpt":{"rendered":"<p>&nbsp; &nbsp; Beitrag vom 13.07.2025 Wir sind wieder K\u00f6nigs-Hofe! Bei unserem diesj\u00e4hrigen Sch\u00fctzenfest erlegte unser Sch\u00fctzenbruder Manfred Maas mit dem 282. Schuss den Adler und&#8230;<\/p>\n<div class=\"more-link-wrapper\"><a class=\"more-link\" href=\"https:\/\/n\u00f6ttenhofe.de\/willkommen\/aktuelles\">mehr<span class=\"screen-reader-text\">Aktuelles<\/span><\/a><\/div>\n","protected":false},"author":1,"featured_media":0,"parent":0,"menu_order":0,"comment_status":"closed","ping_status":"closed","template":"","meta":{"footnotes":""},"class_list":["post-1164","page","type-page","status-publish","hentry","entry"],"_links":{"self":[{"href":"https:\/\/n\u00f6ttenhofe.de\/willkommen\/wp-json\/wp\/v2\/pages\/1164","targetHints":{"allow":["GET"]}}],"collection":[{"href":"https:\/\/n\u00f6ttenhofe.de\/willkommen\/wp-json\/wp\/v2\/pages"}],"about":[{"href":"https:\/\/n\u00f6ttenhofe.de\/willkommen\/wp-json\/wp\/v2\/types\/page"}],"author":[{"embeddable":true,"href":"https:\/\/n\u00f6ttenhofe.de\/willkommen\/wp-json\/wp\/v2\/users\/1"}],"replies":[{"embeddable":true,"href":"https:\/\/n\u00f6ttenhofe.de\/willkommen\/wp-json\/wp\/v2\/comments?post=1164"}],"version-history":[{"count":21,"href":"https:\/\/n\u00f6ttenhofe.de\/willkommen\/wp-json\/wp\/v2\/pages\/1164\/revisions"}],"predecessor-version":[{"id":1618,"href":"https:\/\/n\u00f6ttenhofe.de\/willkommen\/wp-json\/wp\/v2\/pages\/1164\/revisions\/1618"}],"wp:attachment":[{"href":"https:\/\/n\u00f6ttenhofe.de\/willkommen\/wp-json\/wp\/v2\/media?parent=1164"}],"curies":[{"name":"wp","href":"https:\/\/api.w.org\/{rel}","templated":true}]}}