{"id":1055,"date":"2019-01-10T23:27:00","date_gmt":"2019-01-10T21:27:00","guid":{"rendered":"https:\/\/n\u00f6ttenhofe.de\/?page_id=1055"},"modified":"2025-04-10T23:20:25","modified_gmt":"2025-04-10T21:20:25","slug":"willkommen","status":"publish","type":"page","link":"https:\/\/n\u00f6ttenhofe.de\/willkommen\/","title":{"rendered":"Herzlich willkommen bei der N\u00f6tten-Jakobi-HOFE"},"content":{"rendered":"\n<figure class=\"wp-block-gallery has-nested-images columns-default is-cropped wp-block-gallery-1 is-layout-flex wp-block-gallery-is-layout-flex\">\n<figure class=\"wp-block-image size-large\"><img loading=\"lazy\" decoding=\"async\" width=\"822\" height=\"1024\" data-id=\"1593\" src=\"https:\/\/n\u00f6ttenhofe.de\/wp-content\/uploads\/2025\/04\/Hauptmann-Dr.-Kai-Boin-2025-822x1024.jpg\" alt=\"\" class=\"wp-image-1593\" srcset=\"https:\/\/n\u00f6ttenhofe.de\/wp-content\/uploads\/2025\/04\/Hauptmann-Dr.-Kai-Boin-2025-822x1024.jpg 822w, https:\/\/n\u00f6ttenhofe.de\/wp-content\/uploads\/2025\/04\/Hauptmann-Dr.-Kai-Boin-2025-241x300.jpg 241w, https:\/\/n\u00f6ttenhofe.de\/wp-content\/uploads\/2025\/04\/Hauptmann-Dr.-Kai-Boin-2025-768x957.jpg 768w, https:\/\/n\u00f6ttenhofe.de\/wp-content\/uploads\/2025\/04\/Hauptmann-Dr.-Kai-Boin-2025.jpg 1200w\" sizes=\"auto, (max-width: 822px) 100vw, 822px\" \/><\/figure>\n<\/figure>\n\n\n\n<p>Liebe Sch\u00fctzenschwestern, Sch\u00fctzenbr\u00fcder, Freunde und Interessierte der N\u00f6tten-Jakobi-Hofe,<\/p>\n\n\n\n<p>ich freue mich, Euch auf unserer Hofes-Homepage begr\u00fc\u00dfen zu d\u00fcrfen.&nbsp;<\/p>\n\n\n\n<p>2024 feierten wir das Doppeljubil\u00e4um 800 Jahre Sch\u00fctzenwesen Soest und 200 Jahre B\u00fcrger-Sch\u00fctzen-Verein Soest. Ein besonderes Fest auch deshalb, da wir 2023\/2024 K\u00f6nigshofe waren und unsere Majest\u00e4ten Olaf I. und Kirsten I. Diehl mit einem gro\u00dfen Hofes-Zug begleiteten.&nbsp;&nbsp;Es war ein tolles Fest mit sch\u00f6ner Stimmung und Atmosph\u00e4re; mehr als 1000 Teilnehmer incl. Spielmannsz\u00fcgen und Gastvereinen feierten gemeinsam dieses au\u00dfergew\u00f6hnliche Sch\u00fctzenfest. Ein hervorragender Ausdruck von gelebter Gemeinschaft. Ebenso lange reicht die Historie der Hofe zur\u00fcck. Umso bedeutender erachten wir, der Hofes-Vorstand und ich als Hauptmann der Hofe, es, dass die Hofe und damit der Verein auch noch weiterhin lange die Traditionspflege erhalten und aus\u00fcben kann. Wir freuen uns daher sehr, wenn wir positive Resonanz erhalten und Ihr an unserem Hofes-Leben teilnehmt.&nbsp;<\/p>\n\n\n\n<p>Das bedeutende Highlight eines jeden Jahres ist und bleibt nat\u00fcrlich das Sch\u00fctzenfest, welches immer um Johanni Ende Juni stattfindet. Ein Fest, das nicht nur Tradition und Kultur veranschaulicht, sondern auch ein Fest der Gemeinschaft und des geselligen Beisammenseins ist. Es erf\u00fcllt uns immer wieder mit Freude und Stolz, wenn unsere Hofe mit einer stattlichen Pr\u00e4senz teilnimmt. Dabei ist uns die Pflege von Freundschaften in Soest und au\u00dferhalb Soests \u00e4u\u00dferst wichtig. Gerade auch in der heutigen Zeit, in der Zusammenhalt, Gemeinschaft, Tradition aber auch Spa\u00df und Freude eine besondere Bedeutung erhalten.<\/p>\n\n\n\n<p>Das Hofes-Leben zeigt sich au\u00dferhalb des Sch\u00fctzenfestes bei den monatlichen Stammtischen und den diversen Hofes-Veranstaltungen, zu denen Ihr auch immer sehr gerne willkommen seid.<\/p>\n\n\n\n<p>Interessierte und Freunde sind immer sehr gerne willkommen zu allen Veranstaltungen.&nbsp;<\/p>\n\n\n\n<p>Mit dreifach Horrido und Hussassa auf unsere Hofe und den B\u00fcrger-Sch\u00fctzen-Verein Soest<\/p>\n\n\n\n<p>Dr. Kai T. Boin<\/p>\n\n\n\n<p>Hauptmann der N\u00f6tten-Jakobi-Hofe<\/p>\n\n\n\n<p><strong><br><\/strong><\/p>\n","protected":false},"excerpt":{"rendered":"<p>Liebe Sch\u00fctzenschwestern, Sch\u00fctzenbr\u00fcder, Freunde und Interessierte der N\u00f6tten-Jakobi-Hofe, ich freue mich, Euch auf unserer Hofes-Homepage begr\u00fc\u00dfen zu d\u00fcrfen.&nbsp; 2024 feierten wir das Doppeljubil\u00e4um 800 Jahre&#8230;<\/p>\n<div class=\"more-link-wrapper\"><a class=\"more-link\" href=\"https:\/\/n\u00f6ttenhofe.de\/willkommen\/\">mehr<span class=\"screen-reader-text\">Herzlich willkommen bei der N\u00f6tten-Jakobi-HOFE<\/span><\/a><\/div>\n","protected":false},"author":1,"featured_media":0,"parent":0,"menu_order":0,"comment_status":"closed","ping_status":"closed","template":"","meta":{"footnotes":""},"class_list":["post-1055","page","type-page","status-publish","hentry","entry"],"_links":{"self":[{"href":"https:\/\/n\u00f6ttenhofe.de\/willkommen\/wp-json\/wp\/v2\/pages\/1055","targetHints":{"allow":["GET"]}}],"collection":[{"href":"https:\/\/n\u00f6ttenhofe.de\/willkommen\/wp-json\/wp\/v2\/pages"}],"about":[{"href":"https:\/\/n\u00f6ttenhofe.de\/willkommen\/wp-json\/wp\/v2\/types\/page"}],"author":[{"embeddable":true,"href":"https:\/\/n\u00f6ttenhofe.de\/willkommen\/wp-json\/wp\/v2\/users\/1"}],"replies":[{"embeddable":true,"href":"https:\/\/n\u00f6ttenhofe.de\/willkommen\/wp-json\/wp\/v2\/comments?post=1055"}],"version-history":[{"count":13,"href":"https:\/\/n\u00f6ttenhofe.de\/willkommen\/wp-json\/wp\/v2\/pages\/1055\/revisions"}],"predecessor-version":[{"id":1595,"href":"https:\/\/n\u00f6ttenhofe.de\/willkommen\/wp-json\/wp\/v2\/pages\/1055\/revisions\/1595"}],"wp:attachment":[{"href":"https:\/\/n\u00f6ttenhofe.de\/willkommen\/wp-json\/wp\/v2\/media?parent=1055"}],"curies":[{"name":"wp","href":"https:\/\/api.w.org\/{rel}","templated":true}]}}